{"id":7804,"date":"2023-03-17T10:38:56","date_gmt":"2023-03-17T10:38:56","guid":{"rendered":"https:\/\/agtivate.org\/focus-area-digital\/"},"modified":"2023-06-01T13:35:49","modified_gmt":"2023-06-01T13:35:49","slug":"focus-area-digital","status":"publish","type":"page","link":"https:\/\/agtivate.org\/fr\/focus-area-digital\/","title":{"rendered":"AGRICULTURE NUMERIQUE"},"content":{"rendered":"\t\t<div data-elementor-type=\"wp-page\" data-elementor-id=\"7804\" class=\"elementor elementor-7804 elementor-5055\" data-elementor-post-type=\"page\">\n\t\t\t\t\t\t<section class=\"elementor-section elementor-top-section elementor-element elementor-element-1b7c42d elementor-section-height-min-height elementor-section-boxed elementor-section-height-default elementor-section-items-middle\" data-id=\"1b7c42d\" data-element_type=\"section\" data-settings=\"{&quot;background_background&quot;:&quot;classic&quot;}\">\n\t\t\t\t\t\t\t<div class=\"elementor-background-overlay\"><\/div>\n\t\t\t\t\t\t\t<div class=\"elementor-container elementor-column-gap-default\">\n\t\t\t\t\t<div class=\"elementor-column elementor-col-100 elementor-top-column elementor-element elementor-element-05d3806\" data-id=\"05d3806\" data-element_type=\"column\">\n\t\t\t<div class=\"elementor-widget-wrap\">\n\t\t\t\t\t\t\t<\/div>\n\t\t<\/div>\n\t\t\t\t\t<\/div>\n\t\t<\/section>\n\t\t\t\t<section class=\"elementor-section elementor-top-section elementor-element elementor-element-dc403a2 elementor-section-boxed elementor-section-height-default elementor-section-height-default\" data-id=\"dc403a2\" data-element_type=\"section\" data-settings=\"{&quot;background_background&quot;:&quot;classic&quot;}\">\n\t\t\t\t\t\t<div class=\"elementor-container elementor-column-gap-default\">\n\t\t\t\t\t<div class=\"elementor-column elementor-col-50 elementor-top-column elementor-element elementor-element-fb0de07\" data-id=\"fb0de07\" data-element_type=\"column\" data-settings=\"{&quot;background_background&quot;:&quot;classic&quot;}\">\n\t\t\t<div class=\"elementor-widget-wrap elementor-element-populated\">\n\t\t\t\t\t\t<div class=\"elementor-element elementor-element-4511995 elementor-widget elementor-widget-heading\" data-id=\"4511995\" data-element_type=\"widget\" data-widget_type=\"heading.default\">\n\t\t\t\t<div class=\"elementor-widget-container\">\n\t\t\t\t\t<h2 class=\"elementor-heading-title elementor-size-default\">AGRICULTURE NUMERIQUE<\/h2>\t\t\t\t<\/div>\n\t\t\t\t<\/div>\n\t\t\t\t<div class=\"elementor-element elementor-element-b875e4e elementor-widget elementor-widget-text-editor\" data-id=\"b875e4e\" data-element_type=\"widget\" data-widget_type=\"text-editor.default\">\n\t\t\t\t<div class=\"elementor-widget-container\">\n\t\t\t\t\t\t\t\t\t<p>L&rsquo;\u00e8re num\u00e9rique est arriv\u00e9e et, avec elle, les possibilit\u00e9s de rendre les syst\u00e8mes agroalimentaires plus efficaces, plus productifs et plus durables sont infinies. Applications num\u00e9riques de conseils personnalis\u00e9s pour les agriculteurs, blockchains, technologies agricoles de pr\u00e9cision&#8230; Autant de solutions digitales que la FAO et la BERD souhaitent promouvoir dans le secteur agroalimentaire, en veillant \u00e0 ce qu&rsquo;elles soient accessibles \u00e0 tous.<\/p>\n<p><a href=\"https:\/\/www.fao.org\/digital-agriculture\/en\/#:~:text=Digital%20Agriculture%20FAO%20harnesses%20the%20power%20of%20digital,digital%20solutions%20and%20services%20into%20global%20public%20goods.\" target=\"_blank\" style=\"font-family: var( --e-global-typography-text-font-family ), Sans-serif;\" rel=\"noopener\"><b>En savoir plus sur l&rsquo;approche de l&rsquo;agriculture num\u00e9rique de la FAO<\/b><\/a><\/p>\n<p><a href=\"https:\/\/www.fao.org\/strategic-framework\/en\" target=\"_blank\" rel=\"noopener\">En savoir plus sur la strat\u00e9gie \u201cAm\u00e9lioration en mati\u00e8re de production\u201d de la FAO<\/a><br><\/p>\n<p><a href=\"https:\/\/www.ebrd.com\/ebrd-digital-approach.html\" target=\"_blank\" style=\"font-family: var( --e-global-typography-text-font-family ), Sans-serif;\" rel=\"noopener\"><b>En savoir plus sur l&rsquo;approche num\u00e9rique de la BERD<\/b><\/a><\/p>\t\t\t\t\t\t\t\t<\/div>\n\t\t\t\t<\/div>\n\t\t\t\t<div class=\"elementor-element elementor-element-37f6bab elementor-widget elementor-widget-heading\" data-id=\"37f6bab\" data-element_type=\"widget\" data-widget_type=\"heading.default\">\n\t\t\t\t<div class=\"elementor-widget-container\">\n\t\t\t\t\t<h3 class=\"elementor-heading-title elementor-size-default\">SDG<\/h3>\t\t\t\t<\/div>\n\t\t\t\t<\/div>\n\t\t\t\t<div class=\"elementor-element elementor-element-f97defd elementor-widget elementor-widget-gallery\" data-id=\"f97defd\" data-element_type=\"widget\" data-settings=\"{&quot;columns_mobile&quot;:3,&quot;aspect_ratio&quot;:&quot;1:1&quot;,&quot;lazyload&quot;:&quot;yes&quot;,&quot;gallery_layout&quot;:&quot;grid&quot;,&quot;columns&quot;:4,&quot;columns_tablet&quot;:2,&quot;gap&quot;:{&quot;unit&quot;:&quot;px&quot;,&quot;size&quot;:10,&quot;sizes&quot;:[]},&quot;gap_tablet&quot;:{&quot;unit&quot;:&quot;px&quot;,&quot;size&quot;:10,&quot;sizes&quot;:[]},&quot;gap_mobile&quot;:{&quot;unit&quot;:&quot;px&quot;,&quot;size&quot;:10,&quot;sizes&quot;:[]},&quot;link_to&quot;:&quot;file&quot;,&quot;overlay_background&quot;:&quot;yes&quot;,&quot;content_hover_animation&quot;:&quot;fade-in&quot;}\" data-widget_type=\"gallery.default\">\n\t\t\t\t<div class=\"elementor-widget-container\">\n\t\t\t\t\t\t\t<div class=\"elementor-gallery__container\">\n\t\t\t\t\t\t\t<a class=\"e-gallery-item elementor-gallery-item elementor-animated-content\" href=\"https:\/\/agtivate.org\/wp-content\/uploads\/2023\/02\/sdg8.jpg\" data-elementor-open-lightbox=\"yes\" data-elementor-lightbox-slideshow=\"f97defd\" data-elementor-lightbox-title=\"sdg8\" data-e-action-hash=\"#elementor-action%3Aaction%3Dlightbox%26settings%3DeyJpZCI6NzMxMSwidXJsIjoiaHR0cHM6XC9cL2FndGl2YXRlLm9yZ1wvd3AtY29udGVudFwvdXBsb2Fkc1wvMjAyM1wvMDJcL3NkZzguanBnIiwic2xpZGVzaG93IjoiZjk3ZGVmZCJ9\">\n\t\t\t\t\t<div class=\"e-gallery-image elementor-gallery-item__image\" data-thumbnail=\"https:\/\/agtivate.org\/wp-content\/uploads\/2023\/02\/sdg8.jpg\" data-width=\"300\" data-height=\"300\" aria-label=\"\" role=\"img\" ><\/div>\n\t\t\t\t\t\t\t\t\t\t\t<div class=\"elementor-gallery-item__overlay\"><\/div>\n\t\t\t\t\t\t\t\t\t\t\t\t\t\t<\/a>\n\t\t\t\t\t\t\t<a class=\"e-gallery-item elementor-gallery-item elementor-animated-content\" href=\"https:\/\/agtivate.org\/wp-content\/uploads\/2023\/02\/sdg9.jpg\" data-elementor-open-lightbox=\"yes\" data-elementor-lightbox-slideshow=\"f97defd\" data-elementor-lightbox-title=\"sdg9\" data-e-action-hash=\"#elementor-action%3Aaction%3Dlightbox%26settings%3DeyJpZCI6NzM2NSwidXJsIjoiaHR0cHM6XC9cL2FndGl2YXRlLm9yZ1wvd3AtY29udGVudFwvdXBsb2Fkc1wvMjAyM1wvMDJcL3NkZzkuanBnIiwic2xpZGVzaG93IjoiZjk3ZGVmZCJ9\">\n\t\t\t\t\t<div class=\"e-gallery-image elementor-gallery-item__image\" data-thumbnail=\"https:\/\/agtivate.org\/wp-content\/uploads\/2023\/02\/sdg9.jpg\" data-width=\"300\" data-height=\"300\" aria-label=\"\" role=\"img\" ><\/div>\n\t\t\t\t\t\t\t\t\t\t\t<div class=\"elementor-gallery-item__overlay\"><\/div>\n\t\t\t\t\t\t\t\t\t\t\t\t\t\t<\/a>\n\t\t\t\t\t<\/div>\n\t\t\t\t\t<\/div>\n\t\t\t\t<\/div>\n\t\t\t\t<div class=\"elementor-element elementor-element-fe58ee0 elementor-widget elementor-widget-text-editor\" data-id=\"fe58ee0\" data-element_type=\"widget\" data-widget_type=\"text-editor.default\">\n\t\t\t\t<div class=\"elementor-widget-container\">\n\t\t\t\t\t\t\t\t\t<p>*SDGs refers to the Sustainable Developments Goals of the United Nations 2030 Agenda. <br \/>For more information <a class=\"\" href=\"https:\/\/sdgs.un.org\/goals\" target=\"_blank\" rel=\"noopener\">https:\/\/sdgs.un.org\/goals<\/a><\/p>\n\t\t\t\t\t\t\t\t<\/div>\n\t\t\t\t<\/div>\n\t\t\t\t\t<\/div>\n\t\t<\/div>\n\t\t\t\t<div class=\"elementor-column elementor-col-50 elementor-top-column elementor-element elementor-element-e09ea2c\" data-id=\"e09ea2c\" data-element_type=\"column\" data-settings=\"{&quot;background_background&quot;:&quot;classic&quot;}\">\n\t\t\t<div class=\"elementor-widget-wrap\">\n\t\t\t\t\t\t\t<\/div>\n\t\t<\/div>\n\t\t\t\t\t<\/div>\n\t\t<\/section>\n\t\t\t\t<section class=\"elementor-section elementor-top-section elementor-element elementor-element-95d1079 elementor-section-boxed elementor-section-height-default elementor-section-height-default\" data-id=\"95d1079\" data-element_type=\"section\" data-settings=\"{&quot;background_background&quot;:&quot;classic&quot;}\">\n\t\t\t\t\t\t<div class=\"elementor-container elementor-column-gap-default\">\n\t\t\t\t\t<div class=\"elementor-column elementor-col-100 elementor-top-column elementor-element elementor-element-44fb299\" data-id=\"44fb299\" data-element_type=\"column\">\n\t\t\t<div class=\"elementor-widget-wrap elementor-element-populated\">\n\t\t\t\t\t\t<div class=\"elementor-element elementor-element-2d42607 elementor-widget elementor-widget-heading\" data-id=\"2d42607\" data-element_type=\"widget\" data-widget_type=\"heading.default\">\n\t\t\t\t<div class=\"elementor-widget-container\">\n\t\t\t\t\t<h3 class=\"elementor-heading-title elementor-size-default\">RELATED PROJECTS<\/h3>\t\t\t\t<\/div>\n\t\t\t\t<\/div>\n\t\t\t\t\t<\/div>\n\t\t<\/div>\n\t\t\t\t\t<\/div>\n\t\t<\/section>\n\t\t\t\t<\/div>\n\t\t","protected":false},"excerpt":{"rendered":"<p>AGRICULTURE NUMERIQUE L&rsquo;\u00e8re num\u00e9rique est arriv\u00e9e et, avec elle, les possibilit\u00e9s de rendre les syst\u00e8mes agroalimentaires plus efficaces, plus productifs et plus durables sont infinies. Applications num\u00e9riques de conseils personnalis\u00e9s pour les agriculteurs, blockchains, technologies agricoles de pr\u00e9cision&#8230; Autant de solutions digitales que la FAO et la BERD souhaitent promouvoir dans le secteur agroalimentaire, en [&hellip;]<\/p>\n","protected":false},"author":1,"featured_media":0,"parent":0,"menu_order":0,"comment_status":"closed","ping_status":"closed","template":"","meta":{"_acf_changed":false,"inline_featured_image":false,"site-sidebar-layout":"no-sidebar","site-content-layout":"page-builder","ast-site-content-layout":"default","site-content-style":"default","site-sidebar-style":"default","ast-global-header-display":"","ast-banner-title-visibility":"","ast-main-header-display":"","ast-hfb-above-header-display":"","ast-hfb-below-header-display":"","ast-hfb-mobile-header-display":"","site-post-title":"disabled","ast-breadcrumbs-content":"","ast-featured-img":"disabled","footer-sml-layout":"","ast-disable-related-posts":"","theme-transparent-header-meta":"default","adv-header-id-meta":"","stick-header-meta":"default","header-above-stick-meta":"","header-main-stick-meta":"","header-below-stick-meta":"","astra-migrate-meta-layouts":"default","ast-page-background-enabled":"default","ast-page-background-meta":{"desktop":{"background-color":"var(--ast-global-color-4)","background-image":"","background-repeat":"repeat","background-position":"center center","background-size":"auto","background-attachment":"scroll","background-type":"","background-media":"","overlay-type":"","overlay-color":"","overlay-opacity":"","overlay-gradient":""},"tablet":{"background-color":"","background-image":"","background-repeat":"repeat","background-position":"center center","background-size":"auto","background-attachment":"scroll","background-type":"","background-media":"","overlay-type":"","overlay-color":"","overlay-opacity":"","overlay-gradient":""},"mobile":{"background-color":"","background-image":"","background-repeat":"repeat","background-position":"center center","background-size":"auto","background-attachment":"scroll","background-type":"","background-media":"","overlay-type":"","overlay-color":"","overlay-opacity":"","overlay-gradient":""}},"ast-content-background-meta":{"desktop":{"background-color":"var(--ast-global-color-5)","background-image":"","background-repeat":"repeat","background-position":"center center","background-size":"auto","background-attachment":"scroll","background-type":"","background-media":"","overlay-type":"","overlay-color":"","overlay-opacity":"","overlay-gradient":""},"tablet":{"background-color":"var(--ast-global-color-5)","background-image":"","background-repeat":"repeat","background-position":"center center","background-size":"auto","background-attachment":"scroll","background-type":"","background-media":"","overlay-type":"","overlay-color":"","overlay-opacity":"","overlay-gradient":""},"mobile":{"background-color":"var(--ast-global-color-5)","background-image":"","background-repeat":"repeat","background-position":"center center","background-size":"auto","background-attachment":"scroll","background-type":"","background-media":"","overlay-type":"","overlay-color":"","overlay-opacity":"","overlay-gradient":""}},"footnotes":""},"class_list":["post-7804","page","type-page","status-publish","hentry"],"acf":[],"_links":{"self":[{"href":"https:\/\/agtivate.org\/fr\/wp-json\/wp\/v2\/pages\/7804","targetHints":{"allow":["GET"]}}],"collection":[{"href":"https:\/\/agtivate.org\/fr\/wp-json\/wp\/v2\/pages"}],"about":[{"href":"https:\/\/agtivate.org\/fr\/wp-json\/wp\/v2\/types\/page"}],"author":[{"embeddable":true,"href":"https:\/\/agtivate.org\/fr\/wp-json\/wp\/v2\/users\/1"}],"replies":[{"embeddable":true,"href":"https:\/\/agtivate.org\/fr\/wp-json\/wp\/v2\/comments?post=7804"}],"version-history":[{"count":0,"href":"https:\/\/agtivate.org\/fr\/wp-json\/wp\/v2\/pages\/7804\/revisions"}],"wp:attachment":[{"href":"https:\/\/agtivate.org\/fr\/wp-json\/wp\/v2\/media?parent=7804"}],"curies":[{"name":"wp","href":"https:\/\/api.w.org\/{rel}","templated":true}]}}