{"id":7787,"date":"2023-03-17T10:03:22","date_gmt":"2023-03-17T10:03:22","guid":{"rendered":"https:\/\/agtivate.org\/focus-area-green\/"},"modified":"2023-06-01T13:09:12","modified_gmt":"2023-06-01T13:09:12","slug":"focus-area-green","status":"publish","type":"page","link":"https:\/\/agtivate.org\/fr\/focus-area-green\/","title":{"rendered":"ENVIRONNEMENT"},"content":{"rendered":"\t\t<div data-elementor-type=\"wp-page\" data-elementor-id=\"7787\" class=\"elementor elementor-7787 elementor-5021\" data-elementor-post-type=\"page\">\n\t\t\t\t\t\t<section class=\"elementor-section elementor-top-section elementor-element elementor-element-1b7c42d elementor-section-height-min-height elementor-section-boxed elementor-section-height-default elementor-section-items-middle\" data-id=\"1b7c42d\" data-element_type=\"section\" data-settings=\"{&quot;background_background&quot;:&quot;classic&quot;}\">\n\t\t\t\t\t\t\t<div class=\"elementor-background-overlay\"><\/div>\n\t\t\t\t\t\t\t<div class=\"elementor-container elementor-column-gap-default\">\n\t\t\t\t\t<div class=\"elementor-column elementor-col-100 elementor-top-column elementor-element elementor-element-05d3806\" data-id=\"05d3806\" data-element_type=\"column\">\n\t\t\t<div class=\"elementor-widget-wrap\">\n\t\t\t\t\t\t\t<\/div>\n\t\t<\/div>\n\t\t\t\t\t<\/div>\n\t\t<\/section>\n\t\t\t\t<section class=\"elementor-section elementor-top-section elementor-element elementor-element-dc403a2 elementor-section-boxed elementor-section-height-default elementor-section-height-default\" data-id=\"dc403a2\" data-element_type=\"section\" data-settings=\"{&quot;background_background&quot;:&quot;classic&quot;}\">\n\t\t\t\t\t\t<div class=\"elementor-container elementor-column-gap-default\">\n\t\t\t\t\t<div class=\"elementor-column elementor-col-50 elementor-top-column elementor-element elementor-element-fb0de07\" data-id=\"fb0de07\" data-element_type=\"column\" data-settings=\"{&quot;background_background&quot;:&quot;classic&quot;}\">\n\t\t\t<div class=\"elementor-widget-wrap elementor-element-populated\">\n\t\t\t\t\t\t<div class=\"elementor-element elementor-element-4511995 elementor-widget elementor-widget-heading\" data-id=\"4511995\" data-element_type=\"widget\" data-widget_type=\"heading.default\">\n\t\t\t\t<div class=\"elementor-widget-container\">\n\t\t\t\t\t<h2 class=\"elementor-heading-title elementor-size-default\">ENVIRONNEMENT<\/h2>\t\t\t\t<\/div>\n\t\t\t\t<\/div>\n\t\t\t\t<div class=\"elementor-element elementor-element-b875e4e elementor-widget elementor-widget-text-editor\" data-id=\"b875e4e\" data-element_type=\"widget\" data-widget_type=\"text-editor.default\">\n\t\t\t\t<div class=\"elementor-widget-container\">\n\t\t\t\t\t\t\t\t\t<p style=\"font-size: 16px; font-style: normal; font-weight: 400; background-color: #fffefe;\"><span><span style=\"font-size: 11pt; font-family: Calibri, sans-serif; color: rgb(0, 0, 0); background-color: transparent; font-variant-numeric: normal; font-variant-east-asian: normal; font-variant-alternates: normal; vertical-align: baseline; white-space: pre-wrap;\">Rendre les syst\u00e8mes agroalimentaires plus durables est une priorit\u00e9 mondiale, qu&rsquo;il s&rsquo;agisse de prot\u00e9ger ou de restaurer les \u00e9cosyst\u00e8mes, d&rsquo;am\u00e9liorer la qualit\u00e9 des sols, de garantir une meilleure utilisation des ressources naturelles, de limiter l&#8217;empreinte carbone du secteur ou d&rsquo;aider les producteurs \u00e0 s&rsquo;adapter \u00e0 l&rsquo;\u00e9volution des conditions climatiques. Les deux organisations se sont engag\u00e9es \u00e0 am\u00e9liorer la durabilit\u00e9 de nos syst\u00e8mes agroalimentaires.<\/span><\/span><br><\/p>\n<p style=\"font-size: 16px; font-style: normal; font-weight: 400; background-color: #fffefe;\"><a href=\"https:\/\/www.fao.org\/3\/ni706en\/ni706en.pdf\" target=\"_blank\" rel=\"noopener\">En savoir plus sur la strat\u00e9gie de la FAO sur le changement climatique<\/a><br><\/p>\n<p style=\"background-color: rgb(255, 254, 254); font-style: normal; font-size: 16px;\"><a href=\"https:\/\/www.fao.org\/strategic-framework\/en\" target=\"_blank\" style=\"font-family: var( --e-global-typography-text-font-family ), Sans-serif;\" rel=\"noopener\"><b>En savoir plus sur la strat\u00e9gie \u201cAm\u00e9lioration en mati\u00e8re d\u2019environnement\u201d de la FAO<\/b><\/a><\/p>\n<p style=\"background-color: rgb(255, 254, 254); font-weight: 400; font-style: normal; font-size: 16px;\"><span style=\"background-color: transparent; color: rgb(0, 0, 0); font-family: Calibri, sans-serif; font-size: 11pt; white-space: pre-wrap; font-weight: var( --e-global-typography-text-font-weight );\">En<\/span><a href=\"https:\/\/www.ebrd.com\/what-we-do\/get.html\" target=\"_blank\" rel=\"noopener\"> savoir plus sur les priorit\u00e9s de la BERD en mati\u00e8re de climat<\/a><span style=\"background-color: transparent; color: rgb(0, 0, 0); font-family: Calibri, sans-serif; font-size: 11pt; white-space: pre-wrap; font-weight: var( --e-global-typography-text-font-weight );\"> <\/span><br><\/p>\n<p style=\"font-size: 16px; font-style: normal; font-weight: 400; background-color: #fffefe;\">*SDG (Sustainable Development Goals) 2,3,6,7,11,12,13,15<\/p>\t\t\t\t\t\t\t\t<\/div>\n\t\t\t\t<\/div>\n\t\t\t\t<div class=\"elementor-element elementor-element-37f6bab elementor-widget elementor-widget-heading\" data-id=\"37f6bab\" data-element_type=\"widget\" data-widget_type=\"heading.default\">\n\t\t\t\t<div class=\"elementor-widget-container\">\n\t\t\t\t\t<h3 class=\"elementor-heading-title elementor-size-default\">SDG<\/h3>\t\t\t\t<\/div>\n\t\t\t\t<\/div>\n\t\t\t\t<div class=\"elementor-element elementor-element-ad0deaf elementor-widget elementor-widget-gallery\" data-id=\"ad0deaf\" data-element_type=\"widget\" data-settings=\"{&quot;columns_mobile&quot;:3,&quot;aspect_ratio&quot;:&quot;1:1&quot;,&quot;lazyload&quot;:&quot;yes&quot;,&quot;gallery_layout&quot;:&quot;grid&quot;,&quot;columns&quot;:4,&quot;columns_tablet&quot;:2,&quot;gap&quot;:{&quot;unit&quot;:&quot;px&quot;,&quot;size&quot;:10,&quot;sizes&quot;:[]},&quot;gap_tablet&quot;:{&quot;unit&quot;:&quot;px&quot;,&quot;size&quot;:10,&quot;sizes&quot;:[]},&quot;gap_mobile&quot;:{&quot;unit&quot;:&quot;px&quot;,&quot;size&quot;:10,&quot;sizes&quot;:[]},&quot;link_to&quot;:&quot;file&quot;,&quot;overlay_background&quot;:&quot;yes&quot;,&quot;content_hover_animation&quot;:&quot;fade-in&quot;}\" data-widget_type=\"gallery.default\">\n\t\t\t\t<div class=\"elementor-widget-container\">\n\t\t\t\t\t\t\t<div class=\"elementor-gallery__container\">\n\t\t\t\t\t\t\t<a class=\"e-gallery-item elementor-gallery-item elementor-animated-content\" href=\"https:\/\/agtivate.org\/wp-content\/uploads\/2023\/02\/sdg2.jpg\" data-elementor-open-lightbox=\"yes\" data-elementor-lightbox-slideshow=\"ad0deaf\" data-elementor-lightbox-title=\"sdg2\" data-e-action-hash=\"#elementor-action%3Aaction%3Dlightbox%26settings%3DeyJpZCI6NzM1MCwidXJsIjoiaHR0cHM6XC9cL2FndGl2YXRlLm9yZ1wvd3AtY29udGVudFwvdXBsb2Fkc1wvMjAyM1wvMDJcL3NkZzIuanBnIiwic2xpZGVzaG93IjoiYWQwZGVhZiJ9\">\n\t\t\t\t\t<div class=\"e-gallery-image elementor-gallery-item__image\" data-thumbnail=\"https:\/\/agtivate.org\/wp-content\/uploads\/2023\/02\/sdg2.jpg\" data-width=\"300\" data-height=\"300\" aria-label=\"\" role=\"img\" ><\/div>\n\t\t\t\t\t\t\t\t\t\t\t<div class=\"elementor-gallery-item__overlay\"><\/div>\n\t\t\t\t\t\t\t\t\t\t\t\t\t\t<\/a>\n\t\t\t\t\t\t\t<a class=\"e-gallery-item elementor-gallery-item elementor-animated-content\" href=\"https:\/\/agtivate.org\/wp-content\/uploads\/2023\/02\/sdg3.jpg\" data-elementor-open-lightbox=\"yes\" data-elementor-lightbox-slideshow=\"ad0deaf\" data-elementor-lightbox-title=\"sdg3\" data-e-action-hash=\"#elementor-action%3Aaction%3Dlightbox%26settings%3DeyJpZCI6NzMwOCwidXJsIjoiaHR0cHM6XC9cL2FndGl2YXRlLm9yZ1wvd3AtY29udGVudFwvdXBsb2Fkc1wvMjAyM1wvMDJcL3NkZzMuanBnIiwic2xpZGVzaG93IjoiYWQwZGVhZiJ9\">\n\t\t\t\t\t<div class=\"e-gallery-image elementor-gallery-item__image\" data-thumbnail=\"https:\/\/agtivate.org\/wp-content\/uploads\/2023\/02\/sdg3.jpg\" data-width=\"300\" data-height=\"300\" aria-label=\"\" role=\"img\" ><\/div>\n\t\t\t\t\t\t\t\t\t\t\t<div class=\"elementor-gallery-item__overlay\"><\/div>\n\t\t\t\t\t\t\t\t\t\t\t\t\t\t<\/a>\n\t\t\t\t\t\t\t<a class=\"e-gallery-item elementor-gallery-item elementor-animated-content\" href=\"https:\/\/agtivate.org\/wp-content\/uploads\/2023\/02\/sdg6.jpg\" data-elementor-open-lightbox=\"yes\" data-elementor-lightbox-slideshow=\"ad0deaf\" data-elementor-lightbox-title=\"sdg6\" data-e-action-hash=\"#elementor-action%3Aaction%3Dlightbox%26settings%3DeyJpZCI6NzM1OSwidXJsIjoiaHR0cHM6XC9cL2FndGl2YXRlLm9yZ1wvd3AtY29udGVudFwvdXBsb2Fkc1wvMjAyM1wvMDJcL3NkZzYuanBnIiwic2xpZGVzaG93IjoiYWQwZGVhZiJ9\">\n\t\t\t\t\t<div class=\"e-gallery-image elementor-gallery-item__image\" data-thumbnail=\"https:\/\/agtivate.org\/wp-content\/uploads\/2023\/02\/sdg6.jpg\" data-width=\"300\" data-height=\"300\" aria-label=\"\" role=\"img\" ><\/div>\n\t\t\t\t\t\t\t\t\t\t\t<div class=\"elementor-gallery-item__overlay\"><\/div>\n\t\t\t\t\t\t\t\t\t\t\t\t\t\t<\/a>\n\t\t\t\t\t\t\t<a class=\"e-gallery-item elementor-gallery-item elementor-animated-content\" href=\"https:\/\/agtivate.org\/wp-content\/uploads\/2023\/02\/sdg7.jpg\" data-elementor-open-lightbox=\"yes\" data-elementor-lightbox-slideshow=\"ad0deaf\" data-elementor-lightbox-title=\"sdg7\" data-e-action-hash=\"#elementor-action%3Aaction%3Dlightbox%26settings%3DeyJpZCI6NzM2MiwidXJsIjoiaHR0cHM6XC9cL2FndGl2YXRlLm9yZ1wvd3AtY29udGVudFwvdXBsb2Fkc1wvMjAyM1wvMDJcL3NkZzcuanBnIiwic2xpZGVzaG93IjoiYWQwZGVhZiJ9\">\n\t\t\t\t\t<div class=\"e-gallery-image elementor-gallery-item__image\" data-thumbnail=\"https:\/\/agtivate.org\/wp-content\/uploads\/2023\/02\/sdg7.jpg\" data-width=\"300\" data-height=\"300\" aria-label=\"\" role=\"img\" ><\/div>\n\t\t\t\t\t\t\t\t\t\t\t<div class=\"elementor-gallery-item__overlay\"><\/div>\n\t\t\t\t\t\t\t\t\t\t\t\t\t\t<\/a>\n\t\t\t\t\t\t\t<a class=\"e-gallery-item elementor-gallery-item elementor-animated-content\" href=\"https:\/\/agtivate.org\/wp-content\/uploads\/2023\/02\/sdg11.jpg\" data-elementor-open-lightbox=\"yes\" data-elementor-lightbox-slideshow=\"ad0deaf\" data-elementor-lightbox-title=\"sdg11\" data-e-action-hash=\"#elementor-action%3Aaction%3Dlightbox%26settings%3DeyJpZCI6NzM3MSwidXJsIjoiaHR0cHM6XC9cL2FndGl2YXRlLm9yZ1wvd3AtY29udGVudFwvdXBsb2Fkc1wvMjAyM1wvMDJcL3NkZzExLmpwZyIsInNsaWRlc2hvdyI6ImFkMGRlYWYifQ%3D%3D\">\n\t\t\t\t\t<div class=\"e-gallery-image elementor-gallery-item__image\" data-thumbnail=\"https:\/\/agtivate.org\/wp-content\/uploads\/2023\/02\/sdg11.jpg\" data-width=\"300\" data-height=\"300\" aria-label=\"\" role=\"img\" ><\/div>\n\t\t\t\t\t\t\t\t\t\t\t<div class=\"elementor-gallery-item__overlay\"><\/div>\n\t\t\t\t\t\t\t\t\t\t\t\t\t\t<\/a>\n\t\t\t\t\t\t\t<a class=\"e-gallery-item elementor-gallery-item elementor-animated-content\" href=\"https:\/\/agtivate.org\/wp-content\/uploads\/2023\/02\/sdg12.jpg\" data-elementor-open-lightbox=\"yes\" data-elementor-lightbox-slideshow=\"ad0deaf\" data-elementor-lightbox-title=\"sdg12\" data-e-action-hash=\"#elementor-action%3Aaction%3Dlightbox%26settings%3DeyJpZCI6NzMxNCwidXJsIjoiaHR0cHM6XC9cL2FndGl2YXRlLm9yZ1wvd3AtY29udGVudFwvdXBsb2Fkc1wvMjAyM1wvMDJcL3NkZzEyLmpwZyIsInNsaWRlc2hvdyI6ImFkMGRlYWYifQ%3D%3D\">\n\t\t\t\t\t<div class=\"e-gallery-image elementor-gallery-item__image\" data-thumbnail=\"https:\/\/agtivate.org\/wp-content\/uploads\/2023\/02\/sdg12.jpg\" data-width=\"300\" data-height=\"300\" aria-label=\"\" role=\"img\" ><\/div>\n\t\t\t\t\t\t\t\t\t\t\t<div class=\"elementor-gallery-item__overlay\"><\/div>\n\t\t\t\t\t\t\t\t\t\t\t\t\t\t<\/a>\n\t\t\t\t\t\t\t<a class=\"e-gallery-item elementor-gallery-item elementor-animated-content\" href=\"https:\/\/agtivate.org\/wp-content\/uploads\/2023\/02\/sdg13.jpg\" data-elementor-open-lightbox=\"yes\" data-elementor-lightbox-slideshow=\"ad0deaf\" data-elementor-lightbox-title=\"sdg13\" data-e-action-hash=\"#elementor-action%3Aaction%3Dlightbox%26settings%3DeyJpZCI6NzM3NCwidXJsIjoiaHR0cHM6XC9cL2FndGl2YXRlLm9yZ1wvd3AtY29udGVudFwvdXBsb2Fkc1wvMjAyM1wvMDJcL3NkZzEzLmpwZyIsInNsaWRlc2hvdyI6ImFkMGRlYWYifQ%3D%3D\">\n\t\t\t\t\t<div class=\"e-gallery-image elementor-gallery-item__image\" data-thumbnail=\"https:\/\/agtivate.org\/wp-content\/uploads\/2023\/02\/sdg13.jpg\" data-width=\"300\" data-height=\"300\" aria-label=\"\" role=\"img\" ><\/div>\n\t\t\t\t\t\t\t\t\t\t\t<div class=\"elementor-gallery-item__overlay\"><\/div>\n\t\t\t\t\t\t\t\t\t\t\t\t\t\t<\/a>\n\t\t\t\t\t\t\t<a class=\"e-gallery-item elementor-gallery-item elementor-animated-content\" href=\"https:\/\/agtivate.org\/wp-content\/uploads\/2023\/02\/sdg15.jpg\" data-elementor-open-lightbox=\"yes\" data-elementor-lightbox-slideshow=\"ad0deaf\" data-elementor-lightbox-title=\"sdg15\" data-e-action-hash=\"#elementor-action%3Aaction%3Dlightbox%26settings%3DeyJpZCI6NzM4MCwidXJsIjoiaHR0cHM6XC9cL2FndGl2YXRlLm9yZ1wvd3AtY29udGVudFwvdXBsb2Fkc1wvMjAyM1wvMDJcL3NkZzE1LmpwZyIsInNsaWRlc2hvdyI6ImFkMGRlYWYifQ%3D%3D\">\n\t\t\t\t\t<div class=\"e-gallery-image elementor-gallery-item__image\" data-thumbnail=\"https:\/\/agtivate.org\/wp-content\/uploads\/2023\/02\/sdg15.jpg\" data-width=\"300\" data-height=\"300\" aria-label=\"\" role=\"img\" ><\/div>\n\t\t\t\t\t\t\t\t\t\t\t<div class=\"elementor-gallery-item__overlay\"><\/div>\n\t\t\t\t\t\t\t\t\t\t\t\t\t\t<\/a>\n\t\t\t\t\t<\/div>\n\t\t\t\t\t<\/div>\n\t\t\t\t<\/div>\n\t\t\t\t<div class=\"elementor-element elementor-element-fe58ee0 elementor-widget elementor-widget-text-editor\" data-id=\"fe58ee0\" data-element_type=\"widget\" data-widget_type=\"text-editor.default\">\n\t\t\t\t<div class=\"elementor-widget-container\">\n\t\t\t\t\t\t\t\t\t<p>*SDGs refers to the Sustainable Developments Goals of the United Nations 2030 Agenda. <br \/>For more information <a class=\"\" href=\"https:\/\/sdgs.un.org\/goals\" target=\"_blank\" rel=\"noopener\">https:\/\/sdgs.un.org\/goals<\/a><\/p>\n\t\t\t\t\t\t\t\t<\/div>\n\t\t\t\t<\/div>\n\t\t\t\t\t<\/div>\n\t\t<\/div>\n\t\t\t\t<div class=\"elementor-column elementor-col-50 elementor-top-column elementor-element elementor-element-e09ea2c\" data-id=\"e09ea2c\" data-element_type=\"column\" data-settings=\"{&quot;background_background&quot;:&quot;classic&quot;}\">\n\t\t\t<div class=\"elementor-widget-wrap\">\n\t\t\t\t\t\t\t<\/div>\n\t\t<\/div>\n\t\t\t\t\t<\/div>\n\t\t<\/section>\n\t\t\t\t<section class=\"elementor-section elementor-top-section elementor-element elementor-element-95d1079 elementor-section-boxed elementor-section-height-default elementor-section-height-default\" data-id=\"95d1079\" data-element_type=\"section\" data-settings=\"{&quot;background_background&quot;:&quot;classic&quot;}\">\n\t\t\t\t\t\t<div class=\"elementor-container elementor-column-gap-default\">\n\t\t\t\t\t<div class=\"elementor-column elementor-col-100 elementor-top-column elementor-element elementor-element-44fb299\" data-id=\"44fb299\" data-element_type=\"column\">\n\t\t\t<div class=\"elementor-widget-wrap elementor-element-populated\">\n\t\t\t\t\t\t<div class=\"elementor-element elementor-element-2d42607 elementor-widget elementor-widget-heading\" data-id=\"2d42607\" data-element_type=\"widget\" data-widget_type=\"heading.default\">\n\t\t\t\t<div class=\"elementor-widget-container\">\n\t\t\t\t\t<h3 class=\"elementor-heading-title elementor-size-default\">RELATED PROJECTS<\/h3>\t\t\t\t<\/div>\n\t\t\t\t<\/div>\n\t\t\t\t\t<\/div>\n\t\t<\/div>\n\t\t\t\t\t<\/div>\n\t\t<\/section>\n\t\t\t\t<\/div>\n\t\t","protected":false},"excerpt":{"rendered":"<p>ENVIRONNEMENT Rendre les syst\u00e8mes agroalimentaires plus durables est une priorit\u00e9 mondiale, qu&rsquo;il s&rsquo;agisse de prot\u00e9ger ou de restaurer les \u00e9cosyst\u00e8mes, d&rsquo;am\u00e9liorer la qualit\u00e9 des sols, de garantir une meilleure utilisation des ressources naturelles, de limiter l&#8217;empreinte carbone du secteur ou d&rsquo;aider les producteurs \u00e0 s&rsquo;adapter \u00e0 l&rsquo;\u00e9volution des conditions climatiques. Les deux organisations se sont [&hellip;]<\/p>\n","protected":false},"author":1,"featured_media":0,"parent":0,"menu_order":0,"comment_status":"closed","ping_status":"closed","template":"","meta":{"_acf_changed":false,"inline_featured_image":false,"site-sidebar-layout":"no-sidebar","site-content-layout":"page-builder","ast-site-content-layout":"default","site-content-style":"default","site-sidebar-style":"default","ast-global-header-display":"","ast-banner-title-visibility":"","ast-main-header-display":"","ast-hfb-above-header-display":"","ast-hfb-below-header-display":"","ast-hfb-mobile-header-display":"","site-post-title":"disabled","ast-breadcrumbs-content":"","ast-featured-img":"disabled","footer-sml-layout":"","ast-disable-related-posts":"","theme-transparent-header-meta":"default","adv-header-id-meta":"","stick-header-meta":"default","header-above-stick-meta":"","header-main-stick-meta":"","header-below-stick-meta":"","astra-migrate-meta-layouts":"default","ast-page-background-enabled":"default","ast-page-background-meta":{"desktop":{"background-color":"var(--ast-global-color-4)","background-image":"","background-repeat":"repeat","background-position":"center center","background-size":"auto","background-attachment":"scroll","background-type":"","background-media":"","overlay-type":"","overlay-color":"","overlay-opacity":"","overlay-gradient":""},"tablet":{"background-color":"","background-image":"","background-repeat":"repeat","background-position":"center center","background-size":"auto","background-attachment":"scroll","background-type":"","background-media":"","overlay-type":"","overlay-color":"","overlay-opacity":"","overlay-gradient":""},"mobile":{"background-color":"","background-image":"","background-repeat":"repeat","background-position":"center center","background-size":"auto","background-attachment":"scroll","background-type":"","background-media":"","overlay-type":"","overlay-color":"","overlay-opacity":"","overlay-gradient":""}},"ast-content-background-meta":{"desktop":{"background-color":"var(--ast-global-color-5)","background-image":"","background-repeat":"repeat","background-position":"center center","background-size":"auto","background-attachment":"scroll","background-type":"","background-media":"","overlay-type":"","overlay-color":"","overlay-opacity":"","overlay-gradient":""},"tablet":{"background-color":"var(--ast-global-color-5)","background-image":"","background-repeat":"repeat","background-position":"center center","background-size":"auto","background-attachment":"scroll","background-type":"","background-media":"","overlay-type":"","overlay-color":"","overlay-opacity":"","overlay-gradient":""},"mobile":{"background-color":"var(--ast-global-color-5)","background-image":"","background-repeat":"repeat","background-position":"center center","background-size":"auto","background-attachment":"scroll","background-type":"","background-media":"","overlay-type":"","overlay-color":"","overlay-opacity":"","overlay-gradient":""}},"footnotes":""},"class_list":["post-7787","page","type-page","status-publish","hentry"],"acf":[],"_links":{"self":[{"href":"https:\/\/agtivate.org\/fr\/wp-json\/wp\/v2\/pages\/7787","targetHints":{"allow":["GET"]}}],"collection":[{"href":"https:\/\/agtivate.org\/fr\/wp-json\/wp\/v2\/pages"}],"about":[{"href":"https:\/\/agtivate.org\/fr\/wp-json\/wp\/v2\/types\/page"}],"author":[{"embeddable":true,"href":"https:\/\/agtivate.org\/fr\/wp-json\/wp\/v2\/users\/1"}],"replies":[{"embeddable":true,"href":"https:\/\/agtivate.org\/fr\/wp-json\/wp\/v2\/comments?post=7787"}],"version-history":[{"count":0,"href":"https:\/\/agtivate.org\/fr\/wp-json\/wp\/v2\/pages\/7787\/revisions"}],"wp:attachment":[{"href":"https:\/\/agtivate.org\/fr\/wp-json\/wp\/v2\/media?parent=7787"}],"curies":[{"name":"wp","href":"https:\/\/api.w.org\/{rel}","templated":true}]}}